{"id":136,"date":"2023-02-02T20:16:06","date_gmt":"2023-02-02T20:16:06","guid":{"rendered":"https:\/\/www.goldart-schmuck.de\/?page_id=136"},"modified":"2023-02-02T20:16:06","modified_gmt":"2023-02-02T20:16:06","slug":"datenschutz","status":"publish","type":"page","link":"https:\/\/goldart-schmuck.de\/index.php\/datenschutz\/","title":{"rendered":"Datenschutz"},"content":{"rendered":"\n<p><strong>Datenschutzerkl\u00e4rung<\/strong><\/p>\n\n\n\n<p><strong>Verantwortlicher f\u00fcr die Datenverarbeitung ist:<\/strong><br>Irina Kugler<br>Ludwigstra\u00dfe 13<br>93086 W\u00f6rth a.d. Donau<br>Deutschland<br>kontakt@goldart-schmuck.de<\/p>\n\n\n\n<p>Telefon: 09482 9099203<\/p>\n\n\n\n<p>Wir freuen uns \u00fcber Ihr Interesse an unserer Webseite. Der Schutz Ihrer Privatsph\u00e4re ist f\u00fcr uns sehr wichtig. Nachstehend informieren wir Sie ausf\u00fchrlich \u00fcber den Umgang mit Ihren Daten.<\/p>\n\n\n\n<h2 class=\"wp-block-heading\">1.&nbsp;Zugriffsdaten und Hosting<\/h2>\n\n\n\n<p>Sie k\u00f6nnen unsere Webseiten besuchen, ohne Angaben zu Ihrer Person zu machen. Bei jedem Aufruf einer Webseite speichert der Webserver lediglich automatisch ein sogenanntes Server-Logfile, das z.B. den Namen der angeforderten Datei, Ihre IP-Adresse, Datum und Uhrzeit des Abrufs, \u00fcbertragene Datenmenge und den anfragenden Provider (Zugriffsdaten) enth\u00e4lt und den Abruf dokumentiert. Diese Zugriffsdaten werden ausschlie\u00dflich zum Zwecke der Sicherstellung eines st\u00f6rungsfreien Betriebs der Seite sowie der Verbesserung unseres Angebots ausgewertet. Dies dient der Wahrung unserer im Rahmen einer Interessensabw\u00e4gung \u00fcberwiegenden berechtigten Interessen an einer korrekten Darstellung unseres Angebots gem\u00e4\u00df Art. 6 Abs. 1 S. 1 lit. f DSGVO. Alle Zugriffsdaten werden sp\u00e4testens nach Ende Ihres Seitenbesuchs gel\u00f6scht.<\/p>\n\n\n\n<h3 class=\"wp-block-heading\">&nbsp;Hosting<\/h3>\n\n\n\n<p>Die Dienste zum Hosting und zur Darstellung der Webseite werden teilweise durch unsere Dienstleister im Rahmen einer Verarbeitung in unserem Auftrag erbracht. Soweit im Rahmen der vorliegenden Datenschutzerkl\u00e4rung nichts anderes erl\u00e4utert wird, werden alle Zugriffsdaten sowie alle Daten, die in daf\u00fcr vorgesehenen Formularen auf dieser Webseite erhoben werden, auf ihren Servern verarbeitet. Bei Fragen zu unseren Dienstleistern und der Grundlage unserer Zusammenarbeit mit ihnen wenden Sie sich bitte an die in dieser Datenschutzerkl\u00e4rung beschriebenen Kontaktm\u00f6glichkeit.<\/p>\n\n\n\n<h2 class=\"wp-block-heading\">2.&nbsp;Datenverarbeitung zur Kontaktaufnahme und Kundenkommunikation<\/h2>\n\n\n\n<p>Wir erheben personenbezogene Daten, wenn Sie uns diese bei einer Kontaktaufnahme mit uns (z.B. per Kontaktformular oder E-Mail) freiwillig mitteilen. Pflichtfelder werden als solche gekennzeichnet, da wir in diesen F\u00e4llen die Daten zwingend zur Bearbeitung Ihrer Kontaktaufnahme ben\u00f6tigen und Sie ohne deren Angabe die Kontaktaufnahme nicht versenden k\u00f6nnen. Welche Daten erhoben werden, ist aus den jeweiligen Eingabeformularen ersichtlich. Wir verwenden die von ihnen mitgeteilten Daten zur Bearbeitung Ihrer Anfragen gem\u00e4\u00df Art. 6 Abs. 1 S. 1 lit. b DSGVO. Nach vollst\u00e4ndiger Abwicklung Ihrer Kundenanfrage werden Ihre Daten gel\u00f6scht, sofern Sie nicht ausdr\u00fccklich in eine weitere Nutzung Ihrer Daten gem\u00e4\u00df Art. 6 Abs. 1 S. 1 lit. a DSGVO eingewilligt haben oder wir uns eine dar\u00fcber hinausgehende Datenverwendung vorbehalten, die gesetzlich erlaubt ist und \u00fcber die wir Sie in dieser Erkl\u00e4rung informieren.<\/p>\n\n\n\n<h3 class=\"wp-block-heading\">&nbsp;Kontaktaufnahme<\/h3>\n\n\n\n<p>Wir erheben personenbezogene Daten, wenn Sie uns diese bei einer Kontaktaufnahme mit uns (z.B. per Kontaktformular oder E-Mail) freiwillig mitteilen. Pflichtfelder werden als solche gekennzeichnet, da wir in diesen F\u00e4llen die Daten zwingend zur Bearbeitung Ihrer Kontaktaufnahme ben\u00f6tigen und sie ohne deren Angabe die Kontaktaufnahme nicht versenden k\u00f6nnen. Welche Daten erhoben werden, ist aus den jeweiligen Eingabeformularen ersichtlich. Wir verwenden die von ihnen mitgeteilten Daten zur Bearbeitung Ihrer Anfragen gem\u00e4\u00df Art. 6 Abs. 1 S. 1 lit. b DSGVO.<\/p>\n\n\n\n<p>Nach vollst\u00e4ndiger Abwicklung Ihrer Kundenanfrage werden Ihre Daten f\u00fcr die weitere Verarbeitung eingeschr\u00e4nkt und nach Ablauf der steuer- und handelsrechtlichen Aufbewahrungsfristen gem\u00e4\u00df Art. 6 Abs. 1 S. 1 lit. c DSGVO gel\u00f6scht, sofern Sie nicht ausdr\u00fccklich in eine weitere Nutzung Ihrer Daten gem\u00e4\u00df Art. 6 Abs. 1 S. 1 lit. a DSGVO eingewilligt haben oder wir uns eine dar\u00fcber hinausgehende Datenverwendung vorbehalten, die gesetzlich erlaubt ist und \u00fcber die wir Sie in dieser Erkl\u00e4rung informieren.<\/p>\n\n\n\n<h2 class=\"wp-block-heading\">3.&nbsp;Cookies und weitere Technologien<\/h2>\n\n\n\n<h3 class=\"wp-block-heading\">&nbsp;Allgemeine Informationen<\/h3>\n\n\n\n<p>Um den Besuch unserer Webseite attraktiv zu gestalten und die Nutzung bestimmter Funktionen zu erm\u00f6glichen, verwenden wir auf verschiedenen Seiten Technologien einschlie\u00dflich sogenannter Cookies. Cookies sind kleine Textdateien, die automatisch auf Ihrem Endger\u00e4t gespeichert werden. Einige der von uns verwendeten Cookies werden nach Ende der Browser-Sitzung, also nach Schlie\u00dfen Ihres Browsers, wieder gel\u00f6scht (sog. Sitzungs-Cookies). Andere Cookies verbleiben auf Ihrem Endger\u00e4t und erm\u00f6glichen uns, Ihren Browser beim n\u00e4chsten Besuch wiederzuerkennen (persistente Cookies).<\/p>\n\n\n\n<p><strong>Schutz der Privatsph\u00e4re bei Endger\u00e4ten<\/strong><br>Bei Nutzung unseres Online-Angebots setzen wir unbedingt notwendige Technologien ein, um den ausdr\u00fccklich gew\u00fcnschten Telemediendienst zur Verf\u00fcgung stellen zu k\u00f6nnen. Die Speicherung von Informationen in Ihrem Endger\u00e4t oder der Zugriff auf Informationen, die bereits in Ihrem Endger\u00e4t gespeichert sind, bed\u00fcrfen insoweit keiner Einwilligung.<\/p>\n\n\n\n<p>Bei nicht unbedingt erforderlichen Funktionen bedarf die Speicherung von Informationen in Ihrem Endger\u00e4t oder der Zugriff auf Informationen, die bereits in Ihrem Endger\u00e4t gespeichert sind, Ihrer Einwilligung. Wir weisen Sie darauf hin, dass bei Nichterteilung der Einwilligung ggf. Teile der Webseite nicht uneingeschr\u00e4nkt nutzbar sein k\u00f6nnen. Ihre etwaig erteilten Einwilligungen bleiben solange bestehen, bis Sie die jeweiligen Einstellungen in Ihrem Endger\u00e4t anpassen oder zur\u00fccksetzen.<\/p>\n\n\n\n<p><strong>Etwaig nachgelagerte Datenverarbeitung durch Cookies und weitere Technologien<\/strong><br><br>Wir verwenden solche Technologien, die f\u00fcr die Nutzung bestimmter Funktionen unserer Webseite (z. B. Pr\u00e4ferenzeinstellungen der Webseite) zwingend erforderlich sind. Durch diese Technologien werden IP-Adresse, Zeitpunkt des Besuchs, Ger\u00e4te- und Browser-Informationen sowie Informationen zu Ihrer Nutzung unserer Webseite (z.B. Informationen zu Ihren Pr\u00e4ferenzen) erhoben und verarbeitet. Dies dient im Rahmen einer Interessensabw\u00e4gung \u00fcberwiegenden berechtigten Interessen an einer optimierten Darstellung unseres Angebots gem\u00e4\u00df Art. 6 Abs. 1 S. 1 lit. f DSGVO.<\/p>\n\n\n\n<p>Die Cookie-Einstellungen f\u00fcr Ihren Browser finden Sie unter den folgenden Links: <a href=\"https:\/\/support.microsoft.com\/de-de\/help\/4027947\/microsoft-edge-delete-cookies\" target=\"_blank\" rel=\"noreferrer noopener\">Microsoft Edge\u2122<\/a> \/ <a href=\"https:\/\/support.apple.com\/de-de\/guide\/safari\/sfri11471\/12.0\/mac\/10.14\" target=\"_blank\" rel=\"noreferrer noopener\">Safari\u2122<\/a> \/ <a href=\"https:\/\/support.google.com\/chrome\/answer\/95647?hl=de&amp;hlrm=en\" target=\"_blank\" rel=\"noreferrer noopener\">Chrome\u2122<\/a> \/ <a href=\"https:\/\/support.mozilla.org\/de\/products\/firefox\/protect-your-privacy\/cookies\" target=\"_blank\" rel=\"noreferrer noopener\">Firefox\u2122<\/a> \/ <a href=\"https:\/\/help.opera.com\/de\/latest\/web-preferences\/#cookies\" target=\"_blank\" rel=\"noreferrer noopener\">Opera\u2122<\/a><\/p>\n\n\n\n<p>Soweit Sie in die Verwendung der Technologien gem\u00e4\u00df Art. 6 Abs. 1 S. 1 lit. a DSGVO eingewilligt haben, k\u00f6nnen Sie Ihre Einwilligung jederzeit widerrufen durch eine Nachricht an die in der Datenschutzerkl\u00e4rung beschriebenen Kontaktm\u00f6glichkeit.<\/p>\n\n\n\n<h2 class=\"wp-block-heading\">4.&nbsp;Social Media<\/h2>\n\n\n\n<h3 class=\"wp-block-heading\">4.1&nbsp;Social Plugins von Facebook (by Meta), Instagram (by Meta)<\/h3>\n\n\n\n<p>Auf unserer Webseite werden Social Buttons von sozialen Netzwerken verwendet. Diese sind lediglich als HTML-Links in die Seite eingebunden, so dass beim Aufruf unserer Webseite noch keine Verbindung mit den Servern des jeweiligen Anbieters hergestellt wird. Klicken Sie auf einen der Buttons, \u00f6ffnet sich die Webseite des jeweiligen sozialen Netzwerks in einem neuen Fenster Ihres Browsers Dort k\u00f6nnen Sie z.B. den Like- oder Share-Button bet\u00e4tigen.<\/p>\n\n\n\n<h3 class=\"wp-block-heading\">4.2&nbsp;Unsere Onlinepr\u00e4senz auf Facebook (by Meta), Instagram (by Meta)<\/h3>\n\n\n\n<p>Soweit Sie hierzu Ihre Einwilligung nach Art. 6 Abs. 1 S. 1 lit. a DSGVO gegen\u00fcber dem jeweiligen Social Media Betreiber erteilt haben, werden bei Besuch unserer Onlinepr\u00e4senzen auf den in der oben genannten sozialen Medien Ihre Daten f\u00fcr Marktforschungs- und Werbezwecke automatisch erhoben und gespeichert, aus denen unter Verwendung von Pseudonymen Nutzungsprofile erstellt werden. Diese k\u00f6nnen verwendet werden, um z.B. Werbeanzeigen innerhalb und au\u00dferhalb der Plattformen zu schalten, die mutma\u00dflich Ihren Interessen entsprechen. Hierzu werden im Regelfall Cookies eingesetzt. Die detaillierten Informationen zur Verarbeitung und Nutzung der Daten durch den jeweiligen Social Media Betreiber sowie eine Kontaktm\u00f6glichkeit und Ihre diesbez\u00fcglichen Rechte und Einstellungsm\u00f6glichkeiten zum Schutz Ihrer Privatsph\u00e4re, entnehmen Sie bitte den unten verlinkten Datenschutzhinweisen der Anbieter. Sollten Sie diesbez\u00fcglich dennoch Hilfe ben\u00f6tigen, k\u00f6nnen Sie sich an uns wenden.<\/p>\n\n\n\n<p><a href=\"http:\/\/www.facebook.com\/about\/privacy\/\"><strong>Facebook <\/strong>(by Meta)<\/a> ist ein Angebot der Meta Platforms Ireland Ltd., 4 Grand Canal Square, Dublin 2, Irland (\u201eMeta Platforms Ireland\u201c). Die durch Meta Platforms Ireland automatisch erhobenen Informationen \u00fcber Ihre Nutzung unserer Online-Pr\u00e4senz auf Facebook (by Meta) werden in der Regel an einen Server der Meta Platforms, Inc., 1 Hacker Way, Menlo Park, California 94025, USA \u00fcbertragen und dort gespeichert. F\u00fcr die USA liegt kein Angemessenheitsbeschluss der Europ\u00e4ischen Kommission vor. Unsere Zusammenarbeit mit ihnen st\u00fctzt sich auf Standarddatenschutzklauseln der Europ\u00e4ischen Kommission.&nbsp; Die Datenverarbeitung im Rahmen des Besuchs einer Facebook (by Meta) Fanpage erfolgt auf Grundlage einer Vereinbarung zwischen gemeinsam Verantwortlichen gem\u00e4\u00df Art. 26 DSGVO. Weitere Informationen (Informationen zu Insights-Daten) finden Sie <a href=\"https:\/\/www.facebook.com\/legal\/terms\/information_about_page_insights_data\" target=\"_blank\" rel=\"noreferrer noopener\">hier<\/a>.<\/p>\n\n\n\n<p><a href=\"http:\/\/help.instagram.com\/519522125107875\" target=\"_blank\" rel=\"noreferrer noopener\"><strong>Instagram<\/strong> (by Meta)<\/a> ist ein Angebot der Meta Platforms Ireland Ltd., 4 Grand Canal Square, Dublin 2, Irland (\u201eMeta Platforms Ireland\u201c) Die durch Meta Platforms Ireland automatisch erhobenen Informationen \u00fcber Ihre Nutzung unserer Online-Pr\u00e4senz auf Instagram werden in der Regel an einen Server der Meta Platforms, Inc., 1 Hacker Way, Menlo Park, California 94025, USA \u00fcbertragen und dort gespeichert. F\u00fcr die USA liegt kein Angemessenheitsbeschluss der Europ\u00e4ischen Kommission vor. Unsere Zusammenarbeit mit ihnen st\u00fctzt sich auf Standarddatenschutzklauseln der Europ\u00e4ischen Kommission.&nbsp; Die Datenverarbeitung im Rahmen des Besuchs einer Instagram (by Meta) Fanpage erfolgt auf Grundlage einer Vereinbarung zwischen gemeinsam Verantwortlichen gem\u00e4\u00df Art. 26 DSGVO. Weitere Informationen (Informationen zu Insights-Daten) finden Sie <a href=\"https:\/\/www.facebook.com\/legal\/terms\/information_about_page_insights_data\" target=\"_blank\" rel=\"noreferrer noopener\">hier<\/a>.<\/p>\n\n\n\n<h2 class=\"wp-block-heading\">5.&nbsp;Kontaktm\u00f6glichkeiten und Ihre Rechte<\/h2>\n\n\n\n<h3 class=\"wp-block-heading\">5.1&nbsp;Ihre Rechte<\/h3>\n\n\n\n<p>Als Betroffener haben Sie folgende Rechte:<\/p>\n\n\n\n<ul class=\"wp-block-list\">\n<li>gem\u00e4\u00df Art. 15 DSGVO das Recht, in dem dort bezeichneten Umfang Auskunft \u00fcber Ihre von uns verarbeiteten personenbezogenen Daten zu verlangen;<\/li>\n\n\n\n<li>gem\u00e4\u00df Art. 16 DSGVO das Recht, unverz\u00fcglich die Berichtigung unrichtiger oder Vervollst\u00e4ndigung Ihrer bei uns gespeicherten personenbezogenen Daten zu verlangen;<\/li>\n\n\n\n<li>gem\u00e4\u00df Art. 17 DSGVO das Recht, die L\u00f6schung Ihrer bei uns gespeicherten personenbezogenen Daten zu verlangen, soweit nicht die weitere Verarbeitung\n<ul class=\"wp-block-list\">\n<li>zur Aus\u00fcbung des Rechts auf freie Meinungs\u00e4u\u00dferung und Information;<\/li>\n\n\n\n<li>zur Erf\u00fcllung einer rechtlichen Verpflichtung;<\/li>\n\n\n\n<li>aus Gr\u00fcnden des \u00f6ffentlichen Interesses oder<\/li>\n\n\n\n<li>zur Geltendmachung, Aus\u00fcbung oder Verteidigung von Rechtsanspr\u00fcchen erforderlich ist;<\/li>\n<\/ul>\n<\/li>\n\n\n\n<li>gem\u00e4\u00df Art. 18 DSGVO das Recht, die Einschr\u00e4nkung der Verarbeitung Ihrer personenbezogenen Daten zu verlangen, soweit\n<ul class=\"wp-block-list\">\n<li>die Richtigkeit der Daten von Ihnen bestritten wird;<\/li>\n\n\n\n<li>die Verarbeitung unrechtm\u00e4\u00dfig ist, Sie aber deren L\u00f6schung ablehnen;<\/li>\n\n\n\n<li>wir die Daten nicht mehr ben\u00f6tigen, Sie diese jedoch zur Geltendmachung, Aus\u00fcbung oder Verteidigung von Rechtsanspr\u00fcchen ben\u00f6tigen oder<\/li>\n\n\n\n<li>Sie gem\u00e4\u00df Art. 21 DSGVO Widerspruch gegen die Verarbeitung eingelegt haben;<\/li>\n<\/ul>\n<\/li>\n\n\n\n<li>gem\u00e4\u00df Art. 20 DSGVO das Recht, Ihre personenbezogenen Daten, die Sie uns bereitgestellt haben, in einem strukturierten, g\u00e4ngigen und maschinenlesbaren Format zu erhalten oder die \u00dcbermittlung an einen anderen Verantwortlichen zu verlangen;<\/li>\n\n\n\n<li>gem\u00e4\u00df Art. 77 DSGVO das Recht, sich bei einer Aufsichtsbeh\u00f6rde zu beschweren. In der Regel k\u00f6nnen Sie sich hierf\u00fcr an die Aufsichtsbeh\u00f6rde Ihres \u00fcblichen Aufenthaltsortes oder Arbeitsplatzes oder unseres Unternehmenssitzes wenden.<\/li>\n<\/ul>\n\n\n\n<figure class=\"wp-block-table\"><table><tbody><tr><td><strong>Widerspruchsrecht<\/strong> Soweit wir zur Wahrung unserer im Rahmen einer Interessensabw\u00e4gung \u00fcberwiegenden berechtigten Interessen personenbezogene Daten wie oben erl\u00e4utert verarbeiten, k\u00f6nnen Sie dieser Verarbeitung mit Wirkung f\u00fcr die Zukunft widersprechen. Erfolgt die Verarbeitung zu Zwecken des Direktmarketings, k\u00f6nnen Sie dieses Recht jederzeit wie oben beschrieben aus\u00fcben. Soweit die Verarbeitung zu anderen Zwecken erfolgt, steht Ihnen ein Widerspruchsrecht nur bei Vorliegen von Gr\u00fcnden, die sich aus Ihrer besonderen Situation ergeben, zu. Nach Aus\u00fcbung Ihres Widerspruchsrechts werden wir Ihre personenbezogenen Daten nicht weiter zu diesen Zwecken verarbeiten, es sei denn, wir k\u00f6nnen zwingende schutzw\u00fcrdige Gr\u00fcnde f\u00fcr die Verarbeitung nachweisen, die Ihre Interessen, Rechte und Freiheiten \u00fcberwiegen, oder wenn die Verarbeitung der Geltendmachung, Aus\u00fcbung oder Verteidigung von Rechtsanspr\u00fcchen dient. Dies gilt nicht, wenn die Verarbeitung zu Zwecken des Direktmarketings erfolgt. Dann werden wir Ihre personenbezogenen Daten nicht weiter zu diesem Zweck verarbeiten.<\/td><\/tr><\/tbody><\/table><\/figure>\n\n\n\n<h3 class=\"wp-block-heading\">5.2&nbsp;Kontaktm\u00f6glichkeiten<\/h3>\n\n\n\n<p>Bei Fragen zur Erhebung, Verarbeitung oder Nutzung Ihrer personenbezogenen Daten, bei Ausk\u00fcnften, Berichtigung, Einschr\u00e4nkung oder L\u00f6schung von Daten sowie Widerruf erteilter Einwilligungen oder Widerspruch gegen eine bestimmte Datenverwendung wenden Sie sich bitte direkt an uns \u00fcber die Kontaktdaten in unserem Impressum.<\/p>\n\n\n\n<p><a href=\"https:\/\/legal.trustedshops.com\/produkte\/rechtstexter\" target=\"_blank\" rel=\"noreferrer noopener\">Datenschutzerkl\u00e4rung<\/a> erstellt mit dem <a href=\"https:\/\/legal.trustedshops.com\" target=\"_blank\" rel=\"noreferrer noopener\">Trusted Shops<\/a> Rechtstexter<\/p>\n","protected":false},"excerpt":{"rendered":"<p>Datenschutzerkl\u00e4rung Verantwortlicher f\u00fcr die Datenverarbeitung ist:Irina KuglerLudwigstra\u00dfe 1393086 W\u00f6rth a.d. DonauDeutschlandkontakt@goldart-schmuck.de Telefon: 09482 9099203 Wir freuen uns \u00fcber Ihr Interesse an unserer Webseite. Der Schutz Ihrer Privatsph\u00e4re ist f\u00fcr uns sehr wichtig. Nachstehend informieren wir Sie ausf\u00fchrlich \u00fcber den Umgang mit Ihren Daten. 1.&nbsp;Zugriffsdaten und Hosting Sie k\u00f6nnen unsere Webseiten besuchen, ohne Angaben zu Ihrer [&hellip;]<\/p>\n","protected":false},"author":1,"featured_media":0,"parent":0,"menu_order":0,"comment_status":"closed","ping_status":"closed","template":"","meta":{"_uag_custom_page_level_css":"","footnotes":""},"class_list":["post-136","page","type-page","status-publish","hentry"],"uagb_featured_image_src":{"full":false,"thumbnail":false,"medium":false,"medium_large":false,"large":false,"1536x1536":false,"2048x2048":false},"uagb_author_info":{"display_name":"admin","author_link":"https:\/\/goldart-schmuck.de\/index.php\/author\/irina_kugler_j4od9omg\/"},"uagb_comment_info":0,"uagb_excerpt":"Datenschutzerkl\u00e4rung Verantwortlicher f\u00fcr die Datenverarbeitung ist:Irina KuglerLudwigstra\u00dfe 1393086 W\u00f6rth a.d. DonauDeutschlandkontakt@goldart-schmuck.de Telefon: 09482 9099203 Wir freuen uns \u00fcber Ihr Interesse an unserer Webseite. Der Schutz Ihrer Privatsph\u00e4re ist f\u00fcr uns sehr wichtig. Nachstehend informieren wir Sie ausf\u00fchrlich \u00fcber den Umgang mit Ihren Daten. 1.&nbsp;Zugriffsdaten und Hosting Sie k\u00f6nnen unsere Webseiten besuchen, ohne Angaben zu Ihrer&hellip;","_links":{"self":[{"href":"https:\/\/goldart-schmuck.de\/index.php\/wp-json\/wp\/v2\/pages\/136","targetHints":{"allow":["GET"]}}],"collection":[{"href":"https:\/\/goldart-schmuck.de\/index.php\/wp-json\/wp\/v2\/pages"}],"about":[{"href":"https:\/\/goldart-schmuck.de\/index.php\/wp-json\/wp\/v2\/types\/page"}],"author":[{"embeddable":true,"href":"https:\/\/goldart-schmuck.de\/index.php\/wp-json\/wp\/v2\/users\/1"}],"replies":[{"embeddable":true,"href":"https:\/\/goldart-schmuck.de\/index.php\/wp-json\/wp\/v2\/comments?post=136"}],"version-history":[{"count":1,"href":"https:\/\/goldart-schmuck.de\/index.php\/wp-json\/wp\/v2\/pages\/136\/revisions"}],"predecessor-version":[{"id":137,"href":"https:\/\/goldart-schmuck.de\/index.php\/wp-json\/wp\/v2\/pages\/136\/revisions\/137"}],"wp:attachment":[{"href":"https:\/\/goldart-schmuck.de\/index.php\/wp-json\/wp\/v2\/media?parent=136"}],"curies":[{"name":"wp","href":"https:\/\/api.w.org\/{rel}","templated":true}]}}