{"id":27,"date":"2023-01-31T21:33:32","date_gmt":"2023-01-31T21:33:32","guid":{"rendered":"https:\/\/www.goldart-schmuck.de\/?page_id=27"},"modified":"2023-02-03T20:15:02","modified_gmt":"2023-02-03T20:15:02","slug":"reparaturen","status":"publish","type":"page","link":"https:\/\/goldart-schmuck.de\/index.php\/reparaturen\/","title":{"rendered":"Reparaturen"},"content":{"rendered":"\n<blockquote class=\"wp-block-quote is-layout-flow wp-block-quote-is-layout-flow\">\n<p class=\"has-normal-font-size\">Kette l\u00f6ten<\/p>\n\n\n\n<p class=\"has-normal-font-size\">Ringe vergr\u00f6ssern \/ verkleinern<\/p>\n\n\n\n<p class=\"has-normal-font-size\">Schlie\u00dfe austauschen \/ reparieren<\/p>\n\n\n\n<p class=\"has-normal-font-size\">Perlenkette neu kn\u00fcpfen \/ auff\u00e4deln<\/p>\n\n\n\n<p class=\"has-normal-font-size\">Steine fassen<\/p>\n\n\n\n<p class=\"has-normal-font-size\">Ohrringe reparieren <\/p>\n\n\n\n<p class=\"has-normal-font-size\">Schmuckst\u00fcck \u00e4ndern \/ umarbeiten<\/p>\n\n\n\n<p class=\"has-normal-font-size\">Schmuck reinigen \/ polieren<\/p>\n<\/blockquote>\n","protected":false},"excerpt":{"rendered":"<p>Kette l\u00f6ten Ringe vergr\u00f6ssern \/ verkleinern Schlie\u00dfe austauschen \/ reparieren Perlenkette neu kn\u00fcpfen \/ auff\u00e4deln Steine fassen Ohrringe reparieren Schmuckst\u00fcck \u00e4ndern \/ umarbeiten Schmuck reinigen \/ polieren<\/p>\n","protected":false},"author":1,"featured_media":0,"parent":0,"menu_order":0,"comment_status":"closed","ping_status":"closed","template":"","meta":{"_uag_custom_page_level_css":"","footnotes":""},"class_list":["post-27","page","type-page","status-publish","hentry"],"uagb_featured_image_src":{"full":false,"thumbnail":false,"medium":false,"medium_large":false,"large":false,"1536x1536":false,"2048x2048":false},"uagb_author_info":{"display_name":"admin","author_link":"https:\/\/goldart-schmuck.de\/index.php\/author\/irina_kugler_j4od9omg\/"},"uagb_comment_info":0,"uagb_excerpt":"Kette l\u00f6ten Ringe vergr\u00f6ssern \/ verkleinern Schlie\u00dfe austauschen \/ reparieren Perlenkette neu kn\u00fcpfen \/ auff\u00e4deln Steine fassen Ohrringe reparieren Schmuckst\u00fcck \u00e4ndern \/ umarbeiten Schmuck reinigen \/ polieren","_links":{"self":[{"href":"https:\/\/goldart-schmuck.de\/index.php\/wp-json\/wp\/v2\/pages\/27","targetHints":{"allow":["GET"]}}],"collection":[{"href":"https:\/\/goldart-schmuck.de\/index.php\/wp-json\/wp\/v2\/pages"}],"about":[{"href":"https:\/\/goldart-schmuck.de\/index.php\/wp-json\/wp\/v2\/types\/page"}],"author":[{"embeddable":true,"href":"https:\/\/goldart-schmuck.de\/index.php\/wp-json\/wp\/v2\/users\/1"}],"replies":[{"embeddable":true,"href":"https:\/\/goldart-schmuck.de\/index.php\/wp-json\/wp\/v2\/comments?post=27"}],"version-history":[{"count":2,"href":"https:\/\/goldart-schmuck.de\/index.php\/wp-json\/wp\/v2\/pages\/27\/revisions"}],"predecessor-version":[{"id":147,"href":"https:\/\/goldart-schmuck.de\/index.php\/wp-json\/wp\/v2\/pages\/27\/revisions\/147"}],"wp:attachment":[{"href":"https:\/\/goldart-schmuck.de\/index.php\/wp-json\/wp\/v2\/media?parent=27"}],"curies":[{"name":"wp","href":"https:\/\/api.w.org\/{rel}","templated":true}]}}