{"id":39,"date":"2023-02-01T09:28:14","date_gmt":"2023-02-01T09:28:14","guid":{"rendered":"https:\/\/www.goldart-schmuck.de\/?page_id=39"},"modified":"2023-02-01T09:28:14","modified_gmt":"2023-02-01T09:28:14","slug":"impressum","status":"publish","type":"page","link":"https:\/\/goldart-schmuck.de\/index.php\/impressum\/","title":{"rendered":"Impressum"},"content":{"rendered":"\n<p>GoldArt Schmuck<br>Irina Kugler<br>Ludwigstra\u00dfe 13 93086 W\u00f6rth a.d. Donau Deutschland<br>Telefon: 09482 9099203<br>Mail: kontakt@goldart-schmuck.de<br>Umsatzsteuer-Identifikationsnummer(n): DE241805818<br>Verantwortlich gem\u00e4\u00df \u00a7 18 MStV: Irina Kugler Ludwigstra\u00dfe 13 93086 W\u00f6rth a.d. Donau<br>Die Europ\u00e4ische Kommission stellt eine Plattform zur Online-Streitbeilegung (OS) bereit, die Sie hier finden https:\/\/ec.europa.eu\/consumers\/odr\/.<br>Zur Teilnahme an einem Streitbeilegungsverfahren vor einer Verbraucherschlichtungsstelle sind wir nicht verpflichtet und nicht bereit.<\/p>\n\n\n\n<p>Impressum erstellt mit dem Trusted Shops Rechtstexter<\/p>\n","protected":false},"excerpt":{"rendered":"<p>GoldArt SchmuckIrina KuglerLudwigstra\u00dfe 13 93086 W\u00f6rth a.d. Donau DeutschlandTelefon: 09482 9099203Mail: kontakt@goldart-schmuck.deUmsatzsteuer-Identifikationsnummer(n): DE241805818Verantwortlich gem\u00e4\u00df \u00a7 18 MStV: Irina Kugler Ludwigstra\u00dfe 13 93086 W\u00f6rth a.d. DonauDie Europ\u00e4ische Kommission stellt eine Plattform zur Online-Streitbeilegung (OS) bereit, die Sie hier finden https:\/\/ec.europa.eu\/consumers\/odr\/.Zur Teilnahme an einem Streitbeilegungsverfahren vor einer Verbraucherschlichtungsstelle sind wir nicht verpflichtet und nicht bereit. Impressum erstellt [&hellip;]<\/p>\n","protected":false},"author":1,"featured_media":0,"parent":0,"menu_order":0,"comment_status":"closed","ping_status":"closed","template":"","meta":{"_uag_custom_page_level_css":"","footnotes":""},"class_list":["post-39","page","type-page","status-publish","hentry"],"uagb_featured_image_src":{"full":false,"thumbnail":false,"medium":false,"medium_large":false,"large":false,"1536x1536":false,"2048x2048":false},"uagb_author_info":{"display_name":"admin","author_link":"https:\/\/goldart-schmuck.de\/index.php\/author\/irina_kugler_j4od9omg\/"},"uagb_comment_info":0,"uagb_excerpt":"GoldArt SchmuckIrina KuglerLudwigstra\u00dfe 13 93086 W\u00f6rth a.d. Donau DeutschlandTelefon: 09482 9099203Mail: kontakt@goldart-schmuck.deUmsatzsteuer-Identifikationsnummer(n): DE241805818Verantwortlich gem\u00e4\u00df \u00a7 18 MStV: Irina Kugler Ludwigstra\u00dfe 13 93086 W\u00f6rth a.d. DonauDie Europ\u00e4ische Kommission stellt eine Plattform zur Online-Streitbeilegung (OS) bereit, die Sie hier finden https:\/\/ec.europa.eu\/consumers\/odr\/.Zur Teilnahme an einem Streitbeilegungsverfahren vor einer Verbraucherschlichtungsstelle sind wir nicht verpflichtet und nicht bereit. Impressum erstellt&hellip;","_links":{"self":[{"href":"https:\/\/goldart-schmuck.de\/index.php\/wp-json\/wp\/v2\/pages\/39","targetHints":{"allow":["GET"]}}],"collection":[{"href":"https:\/\/goldart-schmuck.de\/index.php\/wp-json\/wp\/v2\/pages"}],"about":[{"href":"https:\/\/goldart-schmuck.de\/index.php\/wp-json\/wp\/v2\/types\/page"}],"author":[{"embeddable":true,"href":"https:\/\/goldart-schmuck.de\/index.php\/wp-json\/wp\/v2\/users\/1"}],"replies":[{"embeddable":true,"href":"https:\/\/goldart-schmuck.de\/index.php\/wp-json\/wp\/v2\/comments?post=39"}],"version-history":[{"count":1,"href":"https:\/\/goldart-schmuck.de\/index.php\/wp-json\/wp\/v2\/pages\/39\/revisions"}],"predecessor-version":[{"id":40,"href":"https:\/\/goldart-schmuck.de\/index.php\/wp-json\/wp\/v2\/pages\/39\/revisions\/40"}],"wp:attachment":[{"href":"https:\/\/goldart-schmuck.de\/index.php\/wp-json\/wp\/v2\/media?parent=39"}],"curies":[{"name":"wp","href":"https:\/\/api.w.org\/{rel}","templated":true}]}}